{"id":2903,"date":"2013-12-06T21:02:34","date_gmt":"2013-12-06T21:02:34","guid":{"rendered":"http:\/\/www.ensembleinterface.com\/de\/?page_id=2903"},"modified":"2013-12-06T21:05:52","modified_gmt":"2013-12-06T21:05:52","slug":"wergo-johannes-b-borowski-portrait-cd","status":"publish","type":"page","link":"http:\/\/www.ensembleinterface.com\/de\/wergo-johannes-b-borowski-portrait-cd\/","title":{"rendered":"WERGO: JOHANNES B. BOROWSKI PORTRAIT CD"},"content":{"rendered":"<p>Nach der Urauff\u00fchrung von  Johannes Boris Borowski&#8217;s  Ensemblewerk  <em>Chergui<\/em>  bei  Ultraschall  2013 hat das Ensemble Interface nun das Werk f\u00fcr WERGO aufgenommen. Es wird auf Borowski&#8217;s Portrait CD in der Serie Edition Zeitgen\u00f6ssische Musik erscheinen.<br \/>\nF\u00fcr die Unterst\u00fctzung dieser Produktion und die wunderbare Zusammenarbeit danken wir herzlich dem Deutschlandradio Kultur, WERGO, Deutscher Musikrat, dem Personal der Sendestation Berlin-Britz und dem wunderbaren Team von Tonmeister und Tontechnikern !<\/p>\n","protected":false},"excerpt":{"rendered":"<p>Nach der Urauff\u00fchrung von Johannes Boris Borowski&#8217;s Ensemblewerk Chergui bei Ultraschall 2013 hat das Ensemble Interface nun das Werk f\u00fcr WERGO aufgenommen. Es wird auf Borowski&#8217;s Portrait CD in der Serie Edition Zeitgen\u00f6ssische Musik erscheinen. F\u00fcr die Unterst\u00fctzung dieser Produktion und die wunderbare Zusammenarbeit danken wir herzlich dem Deutschlandradio Kultur, WERGO, Deutscher Musikrat, dem Personal&#8230;<\/p>\n<div class=\"read_more\"><a href=\"http:\/\/www.ensembleinterface.com\/de\/wergo-johannes-b-borowski-portrait-cd\/\">Read More<\/a><\/div>\n","protected":false},"author":1,"featured_media":2901,"parent":0,"menu_order":0,"comment_status":"open","ping_status":"open","template":"portfolio-four-column.php","meta":{"footnotes":""},"class_list":["post-2903","page","type-page","status-publish","has-post-thumbnail","hentry"],"_links":{"self":[{"href":"http:\/\/www.ensembleinterface.com\/de\/wp-json\/wp\/v2\/pages\/2903","targetHints":{"allow":["GET"]}}],"collection":[{"href":"http:\/\/www.ensembleinterface.com\/de\/wp-json\/wp\/v2\/pages"}],"about":[{"href":"http:\/\/www.ensembleinterface.com\/de\/wp-json\/wp\/v2\/types\/page"}],"author":[{"embeddable":true,"href":"http:\/\/www.ensembleinterface.com\/de\/wp-json\/wp\/v2\/users\/1"}],"replies":[{"embeddable":true,"href":"http:\/\/www.ensembleinterface.com\/de\/wp-json\/wp\/v2\/comments?post=2903"}],"version-history":[{"count":1,"href":"http:\/\/www.ensembleinterface.com\/de\/wp-json\/wp\/v2\/pages\/2903\/revisions"}],"predecessor-version":[{"id":2904,"href":"http:\/\/www.ensembleinterface.com\/de\/wp-json\/wp\/v2\/pages\/2903\/revisions\/2904"}],"wp:featuredmedia":[{"embeddable":true,"href":"http:\/\/www.ensembleinterface.com\/de\/wp-json\/wp\/v2\/media\/2901"}],"wp:attachment":[{"href":"http:\/\/www.ensembleinterface.com\/de\/wp-json\/wp\/v2\/media?parent=2903"}],"curies":[{"name":"wp","href":"https:\/\/api.w.org\/{rel}","templated":true}]}}