{"id":2848,"date":"2013-11-14T13:51:45","date_gmt":"2013-11-14T13:51:45","guid":{"rendered":"http:\/\/www.ensembleinterface.com\/de\/?page_id=2848"},"modified":"2014-01-21T20:25:31","modified_gmt":"2014-01-21T20:25:31","slug":"zeitgewoben","status":"publish","type":"page","link":"http:\/\/www.ensembleinterface.com\/de\/projekte\/zeitgewoben\/","title":{"rendered":"Zeitgewoben"},"content":{"rendered":"<p><span style=\"color: #ffffff;\">Begegnung dreier Komponisten m<\/span><span style=\"color: #ffffff;\">it drei Schriftsteller<\/span><strong><span style=\"color: #ffffff;\">n<\/span><\/strong><\/p>\n<p>Premiere: 9. M\u00e4rz 2012 Dampfzentrale Bern<br \/>\nGef\u00f6rdert durch IGNM Bern und Hochschule der K\u00fcnste Bern<\/p>\n<p>Idee, Konzept und szenische Gestaltung: Bettina Danielle Berger<br \/>\nMusik: Ensemble Interface<br \/>\nSchauspiel: Thibault Schiemann<br \/>\nLichtregie: Christoph Adrian Kuhn<br \/>\nKlangregie: Leo Hofmann<\/p>\n<p><span style=\"color: #ffffff;\">Programm<\/span><br \/>\nMorton Feldman <em>Intermission VI<\/em> (1953)<br \/>\nMorton Feldman <em>Words and Music<\/em> (1986\/87) &#8211;\u00a0H\u00f6rspiel mit Text von Samuel Beckett<br \/>\nPedro Alvarez <em>Fragments after Cioran<\/em> (2011\/12)<br \/>\nHelmut Oehring <em>Melencolia I<\/em> (2010\/12)<\/p>\n<p>Vor genau 25 Jahren, am 9. M\u00e4rz 1987, wurde das H\u00f6rspiel Words and Music in New York uraufgef\u00fchrt. Das selten gespielte Werk von Morton Feldman und Samuel Beckett thematisiert die spannungsreiche Beziehung von Wort und Ton, personifiziert als zwei unabh\u00e4ngige Figuren: In ihrer Auseinandersetzung \u00fcber die grossen Lebensfragen love, age und das mysteri\u00f6se face loten Beckett und Feldman ihre eigenen Ausdruckm\u00f6glichkeiten aus.<\/p>\n<p>Eine \u00e4u\u00dferst feine Klanglichkeit pr\u00e4gt das neue Werk des chilenischen Komponisten Pedro Alvarez: Er sieht seine musikalischen Fragmente als aphoristische Reflexionen auf die existentiellen Texte des rum\u00e4nischen Philosophen Emil Cioran. Das St\u00fcck wird in Bern uraufgef\u00fchrt und ist dem ensemble interface gewidmet.<\/p>\n<p>Helmut Oehring bezeichnet Melencolia I als &#8218;eingedampfter Schauer&#8216; seines gro\u00dfen B\u00fchnenwerks WUNDE Heine nach Gedichten von Heinrich Heine: Roh und verletzlich, um Leben ringend betrachtet sich das Selbst im Angesicht des Todes. Diese neue Version f\u00fcr Bassfl\u00f6te und Klavier wird in der Schweiz uraufgef\u00fchrt.<\/p>\n<p>Eine subtile szenische Gestaltung schafft den Raum f\u00fcr diese drei Begegnungen in der Nacht und beleuchtet deren unterschiedlichen Umgang mit Zeit und Verg\u00e4nglichkeit.<\/p>\n<blockquote><p>Das Projekt <em>zeitgewoben<\/em> hat gezeigt, wie auch ein Nicht-Fachpublikum von zeitgen\u00f6ssischer Musik begeistert werden kann. &#8211;\u00a0<em>Christian Pauli, Journalist und Musikaktivist Bern<\/em><\/p><\/blockquote>\n<p><em>zeitgewoben<\/em> gewinnt den mit 10&#8217;000.-CHF dotierten Burgdorfer Innovationspreis 2013.<\/p>\n<h4>Presentation of the Interface-Project zeitgewoben at the Innovation Award Burgdorf 2013<\/h4>\n<p><iframe loading=\"lazy\" src=\"http:\/\/player.vimeo.com\/video\/84703080?title=0&amp;byline=0&amp;portrait=0\" height=\"191\" width=\"340\" allowfullscreen=\"\" frameborder=\"0\"><\/iframe><\/p>\n","protected":false},"excerpt":{"rendered":"<p>Begegnung dreier Komponisten mit drei Schriftstellern Premiere: 9. M\u00e4rz 2012 Dampfzentrale Bern Gef\u00f6rdert durch IGNM Bern und Hochschule der K\u00fcnste Bern Idee, Konzept und szenische Gestaltung: Bettina Danielle Berger Musik: Ensemble Interface Schauspiel: Thibault Schiemann Lichtregie: Christoph Adrian Kuhn Klangregie: Leo Hofmann Programm Morton Feldman Intermission VI (1953) Morton Feldman Words and Music (1986\/87) &#8211;\u00a0H\u00f6rspiel&#8230;<\/p>\n<div class=\"read_more\"><a href=\"http:\/\/www.ensembleinterface.com\/de\/projekte\/zeitgewoben\/\">Read More<\/a><\/div>\n","protected":false},"author":1,"featured_media":0,"parent":2821,"menu_order":0,"comment_status":"open","ping_status":"open","template":"portfolio-five-column.php","meta":{"footnotes":""},"class_list":["post-2848","page","type-page","status-publish","hentry"],"_links":{"self":[{"href":"http:\/\/www.ensembleinterface.com\/de\/wp-json\/wp\/v2\/pages\/2848","targetHints":{"allow":["GET"]}}],"collection":[{"href":"http:\/\/www.ensembleinterface.com\/de\/wp-json\/wp\/v2\/pages"}],"about":[{"href":"http:\/\/www.ensembleinterface.com\/de\/wp-json\/wp\/v2\/types\/page"}],"author":[{"embeddable":true,"href":"http:\/\/www.ensembleinterface.com\/de\/wp-json\/wp\/v2\/users\/1"}],"replies":[{"embeddable":true,"href":"http:\/\/www.ensembleinterface.com\/de\/wp-json\/wp\/v2\/comments?post=2848"}],"version-history":[{"count":6,"href":"http:\/\/www.ensembleinterface.com\/de\/wp-json\/wp\/v2\/pages\/2848\/revisions"}],"predecessor-version":[{"id":2974,"href":"http:\/\/www.ensembleinterface.com\/de\/wp-json\/wp\/v2\/pages\/2848\/revisions\/2974"}],"up":[{"embeddable":true,"href":"http:\/\/www.ensembleinterface.com\/de\/wp-json\/wp\/v2\/pages\/2821"}],"wp:attachment":[{"href":"http:\/\/www.ensembleinterface.com\/de\/wp-json\/wp\/v2\/media?parent=2848"}],"curies":[{"name":"wp","href":"https:\/\/api.w.org\/{rel}","templated":true}]}}