{"id":2824,"date":"2013-11-12T16:44:12","date_gmt":"2013-11-12T16:44:12","guid":{"rendered":"http:\/\/www.ensembleinterface.com\/de\/?page_id=2824"},"modified":"2013-11-15T13:54:06","modified_gmt":"2013-11-15T13:54:06","slug":"ein-fest-fuer-john-cage","status":"publish","type":"page","link":"http:\/\/www.ensembleinterface.com\/de\/projekte\/ein-fest-fuer-john-cage\/","title":{"rendered":"Ein Fest fuer John Cage"},"content":{"rendered":"<p>14. Juli 2012, 4:33 pm, Mathildenh\u00f6he Darmstadt<\/p>\n<p>Er\u00f6ffnungsperformance der 46. Internationalen Ferienkurse Darmstadt<br \/>\nGef\u00fchrter Musicwalk mit Auff\u00fchrung unterschiedlicher Werke von John Cage<br \/>\nIdee, Konzeption und Durchf\u00fchrung in Zusammenarbeit mit Stefan Fricke, Michael Rebhahn, Jennifer Walshe und der Internationalen Ensemble Modern Akademie<br \/>\n&nbsp;<br \/>\n<iframe loading=\"lazy\" src=\"http:\/\/player.vimeo.com\/video\/66238599?title=0&amp;byline=0&amp;portrait=0\" height=\"191\" width=\"340\" allowfullscreen=\"\" frameborder=\"0\"><\/iframe><\/p>\n<h4>Ein Fest fuer John Cage: Interface @ Darmstadt<\/h4>\n<p>&nbsp;<br \/>\nCopyright: Bildarchiv Internationales Musikinstitut Darmstadt (IMD)<br \/>\nFotograf: Stefan Daub<\/p>\n","protected":false},"excerpt":{"rendered":"<p>14. Juli 2012, 4:33 pm, Mathildenh\u00f6he Darmstadt Er\u00f6ffnungsperformance der 46. Internationalen Ferienkurse Darmstadt Gef\u00fchrter Musicwalk mit Auff\u00fchrung unterschiedlicher Werke von John Cage Idee, Konzeption und Durchf\u00fchrung in Zusammenarbeit mit Stefan Fricke, Michael Rebhahn, Jennifer Walshe und der Internationalen Ensemble Modern Akademie Ein Fest fuer John Cage: Interface @ Darmstadt Copyright: Bildarchiv Internationales Musikinstitut Darmstadt (IMD)&#8230;<\/p>\n<div class=\"read_more\"><a href=\"http:\/\/www.ensembleinterface.com\/de\/projekte\/ein-fest-fuer-john-cage\/\">Read More<\/a><\/div>\n","protected":false},"author":1,"featured_media":2826,"parent":2821,"menu_order":0,"comment_status":"open","ping_status":"open","template":"portfolio-four-column.php","meta":{"footnotes":""},"class_list":["post-2824","page","type-page","status-publish","has-post-thumbnail","hentry"],"_links":{"self":[{"href":"http:\/\/www.ensembleinterface.com\/de\/wp-json\/wp\/v2\/pages\/2824","targetHints":{"allow":["GET"]}}],"collection":[{"href":"http:\/\/www.ensembleinterface.com\/de\/wp-json\/wp\/v2\/pages"}],"about":[{"href":"http:\/\/www.ensembleinterface.com\/de\/wp-json\/wp\/v2\/types\/page"}],"author":[{"embeddable":true,"href":"http:\/\/www.ensembleinterface.com\/de\/wp-json\/wp\/v2\/users\/1"}],"replies":[{"embeddable":true,"href":"http:\/\/www.ensembleinterface.com\/de\/wp-json\/wp\/v2\/comments?post=2824"}],"version-history":[{"count":4,"href":"http:\/\/www.ensembleinterface.com\/de\/wp-json\/wp\/v2\/pages\/2824\/revisions"}],"predecessor-version":[{"id":2873,"href":"http:\/\/www.ensembleinterface.com\/de\/wp-json\/wp\/v2\/pages\/2824\/revisions\/2873"}],"up":[{"embeddable":true,"href":"http:\/\/www.ensembleinterface.com\/de\/wp-json\/wp\/v2\/pages\/2821"}],"wp:featuredmedia":[{"embeddable":true,"href":"http:\/\/www.ensembleinterface.com\/de\/wp-json\/wp\/v2\/media\/2826"}],"wp:attachment":[{"href":"http:\/\/www.ensembleinterface.com\/de\/wp-json\/wp\/v2\/media?parent=2824"}],"curies":[{"name":"wp","href":"https:\/\/api.w.org\/{rel}","templated":true}]}}