{"id":2821,"date":"2013-11-12T12:57:12","date_gmt":"2013-11-12T12:57:12","guid":{"rendered":"http:\/\/www.ensembleinterface.com\/de\/?page_id=2821"},"modified":"2020-04-22T16:48:59","modified_gmt":"2020-04-22T16:48:59","slug":"projekte","status":"publish","type":"page","link":"http:\/\/www.ensembleinterface.com\/de\/projekte\/","title":{"rendered":"Projekte"},"content":{"rendered":"<div class=\"one_half\">\n<h3>INSTRUMENTAL FREAK SHOW<\/h3>\n<p>You too a freak? Then join in! Die Instrumental freak show von Giovanni Verrando ist ein Manifest \u00fcber Diversit\u00e4t. Sein Werk f\u00fcr Stimme, transformierte und neu entwickelte Instrumente, Video, Staging und Elektronik ist ein Auftrag des Ensemble Interface, finanziert durch die Ernst von Siemens Musikstiftung.<br \/>\n<a href=\"http:\/\/www.ensembleinterface.com\/en\/projects\/#\">Mehr\u2026<\/a><br \/>\n<\/div>\n<div class=\"one_half last\">\n<a href=\"http:\/\/www.ensembleinterface.com\/de\/projekte\/instrumental-freak-show\/\"><img loading=\"lazy\" decoding=\"async\" class=\"alignnone wp-image-5091 size-full\" src=\"http:\/\/www.ensembleinterface.com\/en\/files\/1_Instrumental-Freak-Show_press-foto.jpg\" alt=\"\" width=\"299\" height=\"224\"><\/a><\/p>\n<\/div>\n<div class=\"one_half\">\n<h3>klangm\u00f8bil<\/h3>\n<p>Das internationale Projekt klangM\u00f8bil setzt sich aus einem Team von neun Spezialisten und Spezialistinnen aus unterschiedlichen Kunst- und Schaffensbereichen zusammen: dem Ensemble Interface (Frankfurt), dem Klangk\u00fcnstler Hans van Koolwijk (Amsterdam) und den Komponisten Sergey Khishmatov (Moskau) und Amir Shpilman (Tel Aviv).<br \/>\n<a href=\"http:\/\/www.ensembleinterface.com\/de\/projekte\/klangmobil\/\">Mehr\u2026<\/a><br \/>\n<\/div>\n<div class=\"one_half last\">\n<p><a href=\"http:\/\/www.ensembleinterface.com\/de\/projects\/klangmobil\/\"><img loading=\"lazy\" decoding=\"async\" class=\"alignnone wp-image-4648 size-medium\" src=\"http:\/\/www.ensembleinterface.com\/en\/files\/Q7A3688_BIGO_weekend_Sat-300x200.jpg\" alt=\"\" width=\"300\" height=\"200\"><\/a><br \/>\n<\/div><br \/>\n<div class=\"one_half\">\n<h3>UK Tour<\/h3>\n<p>New works by Patricia Alessandrini, Pedro Alvarez, Martin Iddon, Mauricio Pauly<\/p>\n<p>\u201c&#8230;a very exciting prospect to both audiences and composers in England\u201d &#8211; Sound and Music<br \/>\n<a href=\"http:\/\/www.ensembleinterface.com\/de\/projekte\/uk-tour\/\">More\u2026<\/a><br \/>\n<\/div><\/p>\n<div class=\"one_half last\">\n<p><a href=\"http:\/\/www.ensembleinterface.com\/de\/projekte\/uk-tour\/\"><img loading=\"lazy\" decoding=\"async\" class=\"alignnone size-full wp-image-3540\" src=\"http:\/\/www.ensembleinterface.com\/en\/files\/projects\/Combo_UK_300.jpg\" alt=\"Combo_UK_300\" width=\"300\" height=\"200\"><\/a><br \/>\n<\/div><br \/>\n<div class=\"one_half\">\n<h3>Hunger Opera<\/h3>\n<p><span style=\"color: #c0c0c0;\">Jason Thorpe Buchanan<\/span> &#8211; composer<br \/>\n<span style=\"color: #c0c0c0;\">Darcie Dennigan<\/span> &#8211; librettist<br \/>\n<span style=\"color: #c0c0c0;\">Ensemble Interface<\/span> &#8211; music and performance<\/p>\n<p>Hunger breaks with operatic conventions by eschewing grandeur and dramaturgical coherence in order to explore the volatile city of one man\u2019s psyche.<br \/>\n<a href=\"http:\/\/www.ensembleinterface.com\/de\/projekte\/hunger-opera\/\">More\u2026<\/a><br \/>\n<\/div><\/p>\n<div class=\"one_half last\">\n<p><a href=\"http:\/\/www.ensembleinterface.com\/de\/projekte\/hunger-opera\/\"><img loading=\"lazy\" decoding=\"async\" class=\"alignnone size-medium wp-image-3292\" src=\"http:\/\/www.ensembleinterface.com\/en\/files\/s-e1410387964988-300x200.png\" alt=\"s-e1410387964988\" width=\"300\" height=\"200\"><\/a><br \/>\n<\/div><br \/>\n<div class=\"one_half\">\n<h3>Limbo Lander<\/h3>\n<p>Eine audio-visuelle Performance<\/p>\n<p>Eine Produktion des IMD Darmstadt in Kooperation mit Wien Modern<\/p>\n<p>Jagoda Szmytka &#8211; Komposition und Konzeption<br \/>\nEnsemble Interface &#8211; Musik<br \/>\n<a href=\"http:\/\/www.ensembleinterface.com\/de\/projekte\/limbo-lander\/\">Mehr\u2026<\/a><br \/>\n<\/div><\/p>\n<div class=\"one_half last\">\n<p><a href=\"http:\/\/www.ensembleinterface.com\/de\/projekte\/limbo-lander\/\"><img loading=\"lazy\" decoding=\"async\" class=\"alignnone size-full wp-image-2953\" src=\"http:\/\/www.ensembleinterface.com\/en\/files\/projects\/LIMBO-IMG_2871-300x200.jpg\" alt=\"limbo-logo\" width=\"300\" height=\"200\"><\/a><br \/>\n<\/div><br \/>\n<div class=\"one_half\">\n<h3>Zwischenzone Ost<\/h3>\n<p>Das Konzert reflektiert die kulturelle Komplexit\u00e4t dieser Zwischenzone Ost und vereint Werke von Panayiotis Kokoras (Griechenland), Onur Y\u0131ld\u0131r\u0131m (T\u00fcrkei), Georgy Dorokhov (Russland), der beiden in Deutschland lebenden Komponisten Jagoda Szmytka (Polen) und Sergej Newski (Russland), und des in Ostberlin geboren und aufgewachsenen Komponisten Helmut Oehring.<br \/>\n<a href=\"http:\/\/www.ensembleinterface.com\/de\/projekte\/zwischenzone-ost\/\">Mehr\u2026<\/a><br \/>\n<\/div><\/p>\n<div class=\"one_half last\">\n<p><a href=\"http:\/\/www.ensembleinterface.com\/de\/projekte\/zwischenzone-ost\/\"><img loading=\"lazy\" decoding=\"async\" class=\"alignnone size-medium wp-image-2876\" src=\"http:\/\/www.ensembleinterface.com\/en\/files\/turquie1-300x200.jpg\" alt=\"bgd-turquie1\" width=\"300\" height=\"200\"><\/a><br \/>\n<\/div><br \/>\n<div class=\"one_half\">\n<h3>Ein Fest f\u00fcr John Cage<\/h3>\n<p>Er\u00f6ffnungsperformance der 46. Internationalen Ferienkurse Darmstadt<\/p>\n<p>Gef\u00fchrter Musicwalk mit Auff\u00fchrung unterschiedlicher Werke von John Cage<\/p>\n<p>Idee, Konzeption und Durchf\u00fchrung in Zusammenarbeit mit Stefan Fricke, Michael Rebhahn, Jennifer Walshe und der IEMA<br \/>\n<a href=\"http:\/\/www.ensembleinterface.com\/de\/projekte\/ein-fest-fuer-john-cage\/\">Mehr\u2026<\/a><br \/>\n<\/div><\/p>\n<div class=\"one_half last\">\n<p><a href=\"http:\/\/www.ensembleinterface.com\/de\/projekte\/ein-fest-fuer-john-cage\/\"><img loading=\"lazy\" decoding=\"async\" class=\"alignnone size-medium wp-image-2858\" src=\"http:\/\/www.ensembleinterface.com\/en\/files\/14-07-2012-016-300x199.jpg\" alt=\"14-07-2012-016\" width=\"300\" height=\"199\"><\/a><\/p>\n<\/div><br \/>\n<div class=\"one_half\">\n<h3>Zeitgewoben<\/h3>\n<p>Das szenische Konzert verbindet den H\u00f6rspielklassiker &#8218;Words and Music&#8216; von Beckett und Feldman mit modernen Kompositionen von Pedro \u00c1lvarez und Helmut Oehring. Die Inszenierung \u2013 gepr\u00e4gt durch Alltagsgegenst\u00e4nde wie Kabel und Lautsprecher \u2013 vermittelt Kindern, Konzertbesuchern und Fachleuten Neue Musik als lustvolle und herausfordernde Erfahrung.<br \/>\n<a href=\"http:\/\/www.ensembleinterface.com\/de\/projekte\/zeitgewoben\/\">Mehr\u2026<\/a><br \/>\n<\/div><\/p>\n<div class=\"one_half last\">\n<p><a href=\"http:\/\/www.ensembleinterface.com\/de\/projekte\/zeitgewoben\/\"><img loading=\"lazy\" decoding=\"async\" class=\"alignnone size-full wp-image-2931\" src=\"http:\/\/www.ensembleinterface.com\/en\/files\/Zeitgewoben-trasparenze300x200.jpg\" alt=\"Zeitgewoben-trasparenze300x200\" width=\"300\" height=\"200\"><\/a><br \/>\n<\/div>\n","protected":false},"excerpt":{"rendered":"","protected":false},"author":1,"featured_media":0,"parent":0,"menu_order":0,"comment_status":"open","ping_status":"open","template":"fullwidthbio.php","meta":{"footnotes":""},"class_list":["post-2821","page","type-page","status-publish","hentry"],"_links":{"self":[{"href":"http:\/\/www.ensembleinterface.com\/de\/wp-json\/wp\/v2\/pages\/2821","targetHints":{"allow":["GET"]}}],"collection":[{"href":"http:\/\/www.ensembleinterface.com\/de\/wp-json\/wp\/v2\/pages"}],"about":[{"href":"http:\/\/www.ensembleinterface.com\/de\/wp-json\/wp\/v2\/types\/page"}],"author":[{"embeddable":true,"href":"http:\/\/www.ensembleinterface.com\/de\/wp-json\/wp\/v2\/users\/1"}],"replies":[{"embeddable":true,"href":"http:\/\/www.ensembleinterface.com\/de\/wp-json\/wp\/v2\/comments?post=2821"}],"version-history":[{"count":32,"href":"http:\/\/www.ensembleinterface.com\/de\/wp-json\/wp\/v2\/pages\/2821\/revisions"}],"predecessor-version":[{"id":4284,"href":"http:\/\/www.ensembleinterface.com\/de\/wp-json\/wp\/v2\/pages\/2821\/revisions\/4284"}],"wp:attachment":[{"href":"http:\/\/www.ensembleinterface.com\/de\/wp-json\/wp\/v2\/media?parent=2821"}],"curies":[{"name":"wp","href":"https:\/\/api.w.org\/{rel}","templated":true}]}}