{"id":2793,"date":"2013-11-12T12:36:12","date_gmt":"2013-11-12T12:36:12","guid":{"rendered":"http:\/\/www.ensembleinterface.com\/de\/?page_id=2793"},"modified":"2014-02-09T23:48:06","modified_gmt":"2014-02-09T23:48:06","slug":"zwischenzone-ost","status":"publish","type":"page","link":"http:\/\/www.ensembleinterface.com\/de\/projekte\/zwischenzone-ost\/","title":{"rendered":"Zwischenzone Ost"},"content":{"rendered":"<p>&nbsp;<br \/>\nEuropas \u00f6stliche Grenze ist historisch und kulturell von st\u00e4ndiger Bewegung gepr\u00e4gt. Seit Jahrhunderten sind St\u00e4dte wie Berlin, Wien, Warschau und Triest Schnittstellen ost- und westeurop\u00e4ischer Kultur: Hier wird Austausch gelebt und Konflikte treten auf.<\/p>\n<p>Die in der heutigen EU als \u2018Osteuropa\u2019 definierte Region umfasst L\u00e4nder, deren europ\u00e4ische Zugeh\u00f6rigkeit vor historischem und zeitgen\u00f6ssischem Hintergrund nicht eindeutig ist: Staaten wie Russland, die T\u00fcrkei und Griechenland befinden sich in einer gleichzeitig &#8218;inneren und \u00e4u\u00dferen Position&#8216;. Dadurch entstehen neue Grenzen, an denen Konformit\u00e4t und Andersartigkeit zu Auseinandersetzungen provozieren. Deutschland spielt dabei eine zentrale und identit\u00e4tsbildende Rolle in der EU &#8211; und sieht sich selbst noch immer mit seiner eigenen Ost-West-Vergangenheit\u00a0 aufgrund der jahrzehntelangen inneren Teilung des Landes konfrontiert.<\/p>\n<p>Das Konzert reflektiert die kulturelle Komplexit\u00e4t dieser <strong>Zwischenzone Ost<\/strong> und vereint Werke von Panayiotis Kokoras (Griechenland), Onur Y\u0131ld\u0131r\u0131m (T\u00fcrkei), Georgy Dorokhov (Russland), der beiden in Deutschland lebenden Komponisten Jagoda Szmytka (Polen) und Sergej Newski (Russland), und des in Ostberlin geboren und aufgewachsenen Komponisten Helmut Oehring.<\/p>\n<p>Das Ensemble Interface veranstaltet Konzerte an der geographischen und musikalischen Ost-West-Grenze und dar\u00fcber hinaus. Zu den jeweiligen Auff\u00fchrungen gibt es Einf\u00fchrungsgespr\u00e4che, bei denen die Komponisten und Interpreten ihre Sichtweisen und Erfahrungen zum Thema &#8222;Europeness&#8220; teilen und mit dem Publikum vor Ort diskutieren.<\/p>\n<blockquote><p>Like many other young Turkish composers, I feel somewhat like a <em>musical immigrant<\/em>. Even though I am formally educated in Western classical music and more proficient in it than I can ever be in traditional Turkish music, I can\u2019t fully embrace either genre as my own\u2014much like a second generation immigrant who is used to hearing his\/her native language in the household, yet prefers the language of the host country to talk about matters too intricate to be expressed in the limited vocabulary s\/he inherited from his\/her parents.\u00a0<em>&#8211;\u00a0Onur Y\u0131ld\u0131r\u0131m, September\/November 2012<\/em><\/p><\/blockquote>\n<p><strong><span style=\"color: #ffffff;\">Aus der Sicht der Komponisten:<\/span><\/strong> <a href=\"http:\/\/www.ensembleinterface.com\/de\/projekte\/zwischenzone-ost\/aus-der-sicht-der-komponisten-onur-yildirim\/\">Onur Y\u0131ld\u0131r\u0131m<\/a> &#8211; <a href=\"http:\/\/www.ensembleinterface.com\/de\/projekte\/zwischenzone-ost\/aus-der-sicht-der-komponisten-helmut-oehring\/\">Helmut Oehring<\/a> &#8211; <a href=\"http:\/\/www.ensembleinterface.com\/de\/projekte\/zwischenzone-ost\/aus-der-sicht-der-komponisten-panayiotis-kokoras\/\">Panayiotis Kokoras<\/a> &#8211; <a href=\"http:\/\/www.ensembleinterface.com\/de\/projekte\/zwischenzone-ost\/aus-der-sicht-der-komponisten-jagoda-szmytka\/\">Jagoda Szmytka<\/a><\/p>\n","protected":false},"excerpt":{"rendered":"<p>Europas \u00f6stliche Grenze ist historisch und kulturell von st\u00e4ndiger Bewegung gepr\u00e4gt. Seit Jahrhunderten sind St\u00e4dte wie Berlin, Wien, Warschau und Triest Schnittstellen ost- und westeurop\u00e4ischer Kultur: Hier wird Austausch gelebt und Konflikte treten auf. Die in der heutigen EU als \u2018Osteuropa\u2019 definierte Region umfasst L\u00e4nder, deren europ\u00e4ische Zugeh\u00f6rigkeit vor historischem und zeitgen\u00f6ssischem Hintergrund nicht eindeutig&#8230;<\/p>\n<div class=\"read_more\"><a href=\"http:\/\/www.ensembleinterface.com\/de\/projekte\/zwischenzone-ost\/\">Read More<\/a><\/div>\n","protected":false},"author":1,"featured_media":0,"parent":2821,"menu_order":0,"comment_status":"open","ping_status":"open","template":"portfolio-four-column.php","meta":{"footnotes":""},"class_list":["post-2793","page","type-page","status-publish","hentry"],"_links":{"self":[{"href":"http:\/\/www.ensembleinterface.com\/de\/wp-json\/wp\/v2\/pages\/2793","targetHints":{"allow":["GET"]}}],"collection":[{"href":"http:\/\/www.ensembleinterface.com\/de\/wp-json\/wp\/v2\/pages"}],"about":[{"href":"http:\/\/www.ensembleinterface.com\/de\/wp-json\/wp\/v2\/types\/page"}],"author":[{"embeddable":true,"href":"http:\/\/www.ensembleinterface.com\/de\/wp-json\/wp\/v2\/users\/1"}],"replies":[{"embeddable":true,"href":"http:\/\/www.ensembleinterface.com\/de\/wp-json\/wp\/v2\/comments?post=2793"}],"version-history":[{"count":12,"href":"http:\/\/www.ensembleinterface.com\/de\/wp-json\/wp\/v2\/pages\/2793\/revisions"}],"predecessor-version":[{"id":2976,"href":"http:\/\/www.ensembleinterface.com\/de\/wp-json\/wp\/v2\/pages\/2793\/revisions\/2976"}],"up":[{"embeddable":true,"href":"http:\/\/www.ensembleinterface.com\/de\/wp-json\/wp\/v2\/pages\/2821"}],"wp:attachment":[{"href":"http:\/\/www.ensembleinterface.com\/de\/wp-json\/wp\/v2\/media?parent=2793"}],"curies":[{"name":"wp","href":"https:\/\/api.w.org\/{rel}","templated":true}]}}