{"id":185,"date":"2011-12-08T18:29:55","date_gmt":"2011-12-08T18:29:55","guid":{"rendered":"http:\/\/www.ensembleinterface.com\/wordpress\/?page_id=185"},"modified":"2018-01-08T14:02:11","modified_gmt":"2018-01-08T14:02:11","slug":"archiv","status":"publish","type":"page","link":"http:\/\/www.ensembleinterface.com\/de\/agenda\/archiv\/","title":{"rendered":"Archiv"},"content":{"rendered":"<h3>2016<\/h3>\n<div class=\"one_half\">\n<h4><a href=\"http:\/\/www.ensembleinterface.com\/en\/agenda\/die-lange-nacht\/\">DIE LANGE NACHT<\/a><\/h4>\n<p>12 March 2016 | Alte Oper Frankfurt<br \/>\n&nbsp;<br \/>\n&nbsp;<\/p>\n<h4><a href=\"http:\/\/www.ensembleinterface.com\/en\/agenda\/workshop_hfmdk-frankfurt\/\">WORKSHOP_HFMDK FRANKFURT<\/a><\/h4>\n<p>March-May 2016 | Hochschule f\u00fcr Musik und Darstellende Kunst<br \/>\nFrankfurt am Main<br \/>\n&nbsp;<\/p>\n<h4><a href=\"http:\/\/www.ensembleinterface.com\/en\/agenda\/diabelli-machines-5\/\">DIABELLI MACHINES #5<\/a><\/h4>\n<p>A project by MusicExperiment21 | Orpheus Institute Gent<br \/>\nEnsemble-in-residence | 28 March \u2013 5 April 2016<br \/>\nOrpheus Institute Gent | Belgium<\/p>\n<h4><a href=\"http:\/\/www.ensembleinterface.com\/en\/agenda\/one-day-in-life\/\">ONE DAY IN LIFE<\/a><\/h4>\n<p>A concert project by Daniel Libeskind,<br \/>\nin collaboration with Alte Oper Frankfurt<br \/>\n21-22 May 2016 | Frankfurt am Main<\/p>\n<h4><a href=\"http:\/\/www.ensembleinterface.com\/en\/agenda\/asian-composers-league-korea-international-conference-festival\/\">ASIAN COMPOSERS LEAGUE-KOREA INTERNATIONAL CONFERENCE &amp; FESTIVAL<\/a><\/h4>\n<p>April 27th, 2016 | Seoul | Korea<br \/>\n&nbsp;<\/p>\n<h4><a href=\"http:\/\/www.ensembleinterface.com\/en\/agenda\/seoul-lecture-recital\/\">Seoul &#8211; Lecture recital<\/a><\/h4>\n<p>April 28th, 2016 | Seoul<br \/>\nHanyang University Seoul, Concert Hall | National University Seoul<br \/>\n&nbsp;<\/p>\n<h4><a href=\"http:\/\/www.ensembleinterface.com\/en\/agenda\/rules-of-love\/\">rules of love<\/a><\/h4>\n<p>Sergej Newski<br \/>\n5 August 2016 | B\u00f6llenfalltorhalle | IMD Darmstadt<br \/>\n&nbsp;<br \/>\n<\/div>\n<div class=\"one_half last\">\n<h4><a href=\"http:\/\/www.ensembleinterface.com\/en\/agenda\/archive-fever\/\">ARCHIVE FEVER<\/a><\/h4>\n<p>Lars Petter Hagen | Signe Becker | Ensemble Interface<br \/>\n6-7 August 2016 | Justus-Liebig-Haus | IMD Darmstadt<br \/>\n&nbsp;<\/p>\n<h4><a href=\"http:\/\/www.ensembleinterface.com\/en\/agenda\/koreanisches-musikfest-in-deutschland\/\">KOREANISCHES MUSIKFEST IN DEUTSCHLAND<\/a><\/h4>\n<p>3 September 2016 | Oper Frankfurt, Holzfoyer<br \/>\nHoffmann | Lachenmann | Lee | Lim | Platz | Schumann<br \/>\n&nbsp;<\/p>\n<h4><a href=\"http:\/\/www.ensembleinterface.com\/en\/agenda\/musikfest-nachmittag-eines-fauns\/\">MUSIKFEST NACHMITTAG EINES FAUNS<\/a><\/h4>\n<p>26 September 2016 | Alte Oper Frankfurt<br \/>\nFeldman<br \/>\n&nbsp;<\/p>\n<h4><a href=\"http:\/\/www.ensembleinterface.com\/en\/agenda\/musikfest-nachmittag-eines-fauns-2\/\">MUSIKFEST NACHMITTAG EINES FAUNS&#8220;<\/a><\/h4>\n<p>6 October 2016 | Alte Oper Frankfurt<br \/>\nDebussy | Scelsi<br \/>\n&nbsp;<\/p>\n<h4><a href=\"http:\/\/www.ensembleinterface.com\/en\/agenda\/humoresque-ensemble-interface-trifft-beck-cartoons\/\">HUMORESQUE<\/a><\/h4>\n<p>Musik und Cartoon-Show mit BeCK und Ensemble Interface<br \/>\nH!nterhauskonzert hoch9 e.V., Initiative f\u00fcr H\u00f6r- und Sehgenuss<br \/>\n20 October 2016 | Frankfurt<\/p>\n<h4><a href=\"http:\/\/www.ensembleinterface.com\/en\/agenda\/nuova-consonanza\/\">NUOVA CONSONANZA<\/a><\/h4>\n<p>16 December 2016 | 53rd Festival di Nuova Consonanza Roma<br \/>\nDebussy | Esposito | Nikodijevic | Schnebel<br \/>\n&nbsp;<\/p>\n<h4><a href=\"http:\/\/www.ensembleinterface.com\/en\/agenda\/le-strade-di-ulisse\/\">LE STRADE DI ULISSE<\/a><\/h4>\n<p>17 December 2016 | Montepulciano | Teatro Poliziano<br \/>\nDebussy | Esposito | Schnebel<br \/>\n&nbsp;<br \/>\n&nbsp;<br \/>\n<\/div>\n<h3>2015<\/h3>\n<div class=\"one_half\">\n<h4><a href=\"http:\/\/www.ensembleinterface.com\/de\/agenda\/dapres\/\">D&#8217;apr\u00e8s<\/a><\/h4>\n<p>5. Juni 2015 | Internationale Gesellschaft f\u00fcr neue Musik Basel | Gare du Nord<br \/>\n\u00c1lvarez | Billone | Iannotta | Mundry<\/p>\n<h4><a href=\"http:\/\/www.ensembleinterface.com\/de\/agenda\/tzlil-meudcan-tel-aviv\/\">TZLIL MEUDCAN<\/a><\/h4>\n<p>21.-23. Juli 2015 | Tel Aviv | Israel<br \/>\nMalaussena | Maor | Oehring | Sciarrino<\/p>\n<h4><a href=\"http:\/\/www.ensembleinterface.com\/de\/agenda\/toenstoer-vermittlung-neuer-musik\/\">T\u00f6nst\u00f6r<\/a><\/h4>\n<p>August &#8211; September 2015 | Bern<br \/>\nmit Barbara Balba Weber und Ensemble Interface<br \/>\n&nbsp;<\/p>\n<h4><a href=\"http:\/\/www.ensembleinterface.com\/de\/agenda\/hochschule-fuer-kuenste-bern-workshop-abschluss-masterstudenten\/\">Hochschule f\u00fcr K\u00fcnste Bern Workshop Abschluss Masterstudenten<\/a><\/h4>\n<p>7. September 2015 | Burg Biel<br \/>\nAbschlusskonzert Mathieu Corajod<\/p>\n<h4><a href=\"http:\/\/www.ensembleinterface.com\/de\/agenda\/hochschule-fuer-kuenste-bern-workshop-abschluss-masterstudenten\/\">Hochschule f\u00fcr K\u00fcnste Bern Workshop Abschluss Masterstudenten<\/a><\/h4>\n<p>10. September 2015 | Volkashaus Biel<br \/>\nAbschluss Masterstudenten<\/p>\n<h4><a href=\"http:\/\/www.ensembleinterface.com\/de\/agenda\/musikfestival-bern\/\">Musikfestival Bern<\/a><\/h4>\n<p>13. September 2015 | Bern | Dampfzentrale<br \/>\nSergej Newski &#8211; Rules of love | Werke von M. Corajod, N. Erismann, Y. Jing, R. Quindici, N. Radivojevic<\/p>\n<h4><a href=\"http:\/\/www.ensembleinterface.com\/de\/agenda\/musikfest-goldberg-variationen\/\">MUSIKFEST GOLDBERG-VARIATIONEN<\/a><\/h4>\n<p>19. September 2015 | Alte Oper Frankfurt<br \/>\nMarko Nikodijevic<br \/>\n&nbsp;<br \/>\n<\/div>\n<div class=\"one_half last\">\n<h4><a href=\"http:\/\/www.ensembleinterface.com\/de\/agenda\/nachtkonzert\/\">NACH(T)KONZERT<\/a><\/h4>\n<p>19. September 2015 | Musikfest Goldberg Variationen | Alte Oper Frankfurt<br \/>\nMorton Feldman:\u00a0<em>Rothko Chapel<\/em><\/p>\n<h4><a href=\"http:\/\/www.ensembleinterface.com\/de\/agenda\/ensemble-in-residence_goldsmiths-university\/\">UK TOUR_ENSEMBLE-IN-RESIDENCE<\/a><\/h4>\n<p>12. \u2013 21. November 2015 | Goldsmiths University London<br \/>\n&nbsp;<\/p>\n<h4><a href=\"http:\/\/www.ensembleinterface.com\/de\/agenda\/uk-tour_manchester\/\">UK TOUR_MANCHESTER<\/a><\/h4>\n<p>17. November 2015 | Manchester | International Anthony Burgess Foundation<br \/>\nAlessandrini | \u00c1lvarez | Iddon | Pauly<\/p>\n<h4><a href=\"http:\/\/www.ensembleinterface.com\/de\/agenda\/uk-tour_leeds\/\">UK TOUR_LEEDS<\/a><\/h4>\n<p>18. November 2015 | University of Leeds<br \/>\nAlessandrini | \u00c1lvarez | Iddon | Pauly<br \/>\n&nbsp;<\/p>\n<h4><a href=\"http:\/\/www.ensembleinterface.com\/de\/agenda\/uk-tour_london\/\">UK TOUR_LONDON<\/a><\/h4>\n<p>19. November 2015 | London | Goldsmiths University<br \/>\nAlessandrini | \u00c1lvarez | Iddon | Pauly<br \/>\n&nbsp;<\/p>\n<h4><a href=\"http:\/\/www.ensembleinterface.com\/de\/agenda\/huddersfield-contemporary-music-festival\/\">HUDDERSFIELD CONTEMPORARY MUSIC FESTIVAL<\/a><\/h4>\n<p>23. November 2015 | St Paul&#8217;s Hall<br \/>\nAlvarez | Billone | Szmytka | Vassena<br \/>\n&nbsp;<\/p>\n<h4><a href=\"http:\/\/www.ensembleinterface.com\/de\/agenda\/portrait-helmut-lachenmann-roma\/\">PORTRAIT HELMUT LACHENMANN<\/a><\/h4>\n<p>2. Dezember 2015 | Festival di Nuova Consonanza Roma<br \/>\nLachenmann | Nono | Billone<br \/>\n&nbsp;<\/p>\n<h4><a href=\"http:\/\/www.ensembleinterface.com\/de\/agenda\/portrait-helmut-lachenmann\/\">PORTRAIT HELMUT LACHENMANN<\/a><\/h4>\n<p>4. Dezember 2015 | Festival Trieste Prima<br \/>\nLachenmann | Nono | Billone<br \/>\n&nbsp;<br \/>\n<\/div>\n<h3>2014<\/h3>\n<div class=\"one_half\">\n<h4><a href=\"http:\/\/www.ensembleinterface.com\/de\/performance-labor-goethe-universitaet-frankfurt\/\">Seminar Goethe Universit\u00e4t Frankfurt<\/a><\/h4>\n<p>13. Januar 2014 | 18:00 | HfMDK Frankfurt<br \/>\nSeminar mit Prof. Dr. Marion Saxer<br \/>\nIn Zusammenarbeit mit der Goethe Universit\u00e4t Frankfurt a.M.<\/p>\n<h4><a href=\"http:\/\/www.ensembleinterface.com\/de\/agenda\/zwischenzone-ost-frankfurt\/\">Zwischenzone Ost<\/a><\/h4>\n<p>15. Januar 2014 | 19.30 | Haus am Dom Frankfurt<br \/>\nKonzert (Einf\u00fchrung 19:00 mit Prof. Dr. Marion Saxer)<br \/>\n&nbsp;<\/p>\n<h4><a href=\"http:\/\/www.ensembleinterface.com\/de\/bloody-cherries-jagoda-szmytka-portrait-cd-release-wergo\/\">DLF Aufnahme<\/a><\/h4>\n<p>Aufnahme f\u00fcr die Portr\u00e4t-CD von Jagoda Szmytka<br \/>\n29. und 30. Mai 2014 | Deutschlandfunk, K\u00f6ln<br \/>\n&nbsp;<\/p>\n<h4><a href=\"http:\/\/www.ensembleinterface.com\/de\/agenda\/flix\/\">Composition Masterclass with Pierluigi Billone<\/a><\/h4>\n<p>Komposition Masterclass und Seminar mit Pierluigi Billone und Ensemble Interface<br \/>\n16.-18. July 2014 | Spanien, Flix<br \/>\n&nbsp;<br \/>\n<\/div>\n<div class=\"one_half last\">\n<h4><a href=\"http:\/\/www.ensembleinterface.com\/de\/agenda\/limbo-lander-frankfurt\/\">limbo lander<\/a><\/h4>\n<p>Eine audio-visuelle Performance von Jagoda Szmytka<br \/>\n3. August 2014 | Frankfurt LAB | IMD Darmstadt<br \/>\n&nbsp;<\/p>\n<h4><a href=\"http:\/\/www.ensembleinterface.com\/de\/agenda\/werkstatt-zeitgenoessische-oper\/\">WERKSTATT ZEITGEN\u00d6SSISCHE OPER<\/a><\/h4>\n<p>2.-16. August 2014 | 47. Internationale Ferienkurse f\u00fcr Neue Musik Darmstadt<br \/>\n&nbsp;<\/p>\n<h4><a href=\"http:\/\/www.ensembleinterface.com\/de\/agenda\/limbo-lander-wien\/\">limbo lander<\/a><\/h4>\n<p>Eine audio-visuelle Performance von Jagoda Szmytka<br \/>\n6. November 2014 | Wien Modern<br \/>\n&nbsp;<\/p>\n<h4><a href=\"http:\/\/www.ensembleinterface.com\/de\/agenda\/universitaet-mozarteum-salzburg\/\">Universit\u00e4t Mozarteum Salzburg<\/a><\/h4>\n<p>10.-14. 12. 2014 | Universit\u00e4t Mozarteum Salzburg<br \/>\n14. 12. 2014 |\u00a019:00 | Abschlusskonzert mit Neuen Werken der Studierenden<br \/>\n&nbsp;<br \/>\n<\/div>\n<h3>2013<\/h3>\n<div class=\"one_half\">\n<h4><a href=\"http:\/\/www.ensembleinterface.com\/de\/agenda\/ultraschall-berlin\/\">Ultraschall Berlin<\/a><\/h4>\n<p>19. Januar 2013, 23:00 | Berlin | RBB Kleiner Sendesaal<br \/>\nBorowski | Keller | Lilienstern | Lorieux | Vincenot<br \/>\n&nbsp;<\/p>\n<h4><a href=\"http:\/\/www.ensembleinterface.com\/de\/agenda\/baden-baden\/\">Baden-Baden<\/a><\/h4>\n<p>21. Januar 2013, 19:00 | Baden-Baden | Ratssaal<br \/>\nBorowski | Keller | Lilienstern | Boulez\u00a0| Vincenot<br \/>\n&nbsp;<\/p>\n<h4><a href=\"http:\/\/www.ensembleinterface.com\/de\/agenda\/adria\/\">KOMPOSITION WORKSHOP MIT PIERLUIGI BILLONE &amp; ENSEMBLE INTERFACE<\/a><\/h4>\n<p>17. Mai 2013\u00a0| Conservatorio di musica &#8222;A. Buzolla&#8220;\u00a0| Adria (Italien)<br \/>\n&nbsp;<\/p>\n<h4><a href=\"http:\/\/www.ensembleinterface.com\/de\/agenda\/singapore\/\">YSTCM SINGAPORE<\/a><\/h4>\n<p>6.-9. September 2013 | Singapur | Yong Siew Toh Conservatory<br \/>\nMeisterkurs und Konzert<br \/>\nOehring | Billone | Edwards | Kokoras | Poppe<\/p>\n<h4><a href=\"http:\/\/www.ensembleinterface.com\/de\/agenda\/sydney\/\">SYDNEY CONSERVATORIUM OF MUSIC<\/a><\/h4>\n<p>11. September 2013 | 12:00<br \/>\nSeminar f\u00fcr Komponisten<br \/>\n&nbsp;<br \/>\n<\/div>\n<div class=\"one_half last\">\n<h4><a href=\"http:\/\/www.ensembleinterface.com\/de\/agenda\/brisbane\/\">JUMP MENTORSHIP<\/a><\/h4>\n<p>12.-28. September 2013 | Brisbane |\u00a0Judith Wright Centre of Contemporary Arts<br \/>\nEin Projekt von Ensemble Interface und Kupka&#8217;s Piano<\/p>\n<h4><a href=\"http:\/\/www.ensembleinterface.com\/de\/agenda\/zwischenzone_ost\/\">ZWISCHENZONE OST &#8211; WIEN<\/a><\/h4>\n<p>17. Oktober 2013 | Jeunesse Wien<br \/>\nKokoras | Newski | Oehring | Dorokhov | Y\u0131ld\u0131r\u0131m<br \/>\n&nbsp;<\/p>\n<h4><a href=\"http:\/\/www.ensembleinterface.com\/de\/agenda\/zwischenzone-ost-berlin\/\">ZWISCHENZONE OST &#8211; BERLIN<\/a><\/h4>\n<p>22. Oktober 2013 | Berlin | Unerh\u00f6rte Musik<br \/>\nKokoras | Newski | Oehring | Dorokhov | Y\u0131ld\u0131r\u0131m<br \/>\n&nbsp;<\/p>\n<h4><a href=\"http:\/\/www.ensembleinterface.com\/de\/agenda\/zwischenzone-ost-ankara\/\">ZWISCHENZONE OST &amp; WORKSHOP FUER KOMPONISTEN &#8211; ANKARA<\/a><\/h4>\n<p>24.-25. Oktober 2013 | Bilkent Universit\u00e4t<br \/>\nWorkshop und Konzert<br \/>\nKokoras | Newski | Oehring | Dorokhov | Y\u0131ld\u0131r\u0131m<\/p>\n<h4><a href=\"http:\/\/www.ensembleinterface.com\/de\/johannes-b-borowski-portrait-cd-release-wergo-edition-zeitgenoessische-musik\/\">Wergo Edition Zeitgenoessische Musik des Deutschen Musikrats<\/a><\/h4>\n<p>Aufnahme f\u00fcr die Portr\u00e4t-CD von Johannes Boris Borowski<br \/>\n28.-29. November 2013 | Deutschlandradio Kultur, Berlin &#8211; Britz<br \/>\n&nbsp;<br \/>\n<\/div>\n<h3>2012<\/h3>\n<div class=\"one_half\">\n<h4><a href=\"http:\/\/www.ensembleinterface.com\/de\/agenda\/0312_ignm_bern\">Internationale Gesellschaft fuer Neue Musik Bern<\/a><\/h4>\n<p>9. M\u00e4rz 2012 | Bern | Dampfzentrale<br \/>\n\u00abzeitgewoben\u00bb<br \/>\nFeldman | Alvarez | Oehring<\/p>\n<h4><a href=\"http:\/\/www.ensembleinterface.com\/de\/agenda\/0512_ignm_basel\">Internationale Gesellschaft fuer Neue Musik Basel<\/a><\/h4>\n<p>24. April 2012 | Paris | Cit\u00e9 Internationale des Arts<br \/>\nAperghis | Donatoni | Gysin | Werdenberg | Poppe<\/p>\n<h4><a href=\"http:\/\/www.ensembleinterface.com\/de\/agenda\/0512_ignm_basel\">Internationale Gesellschaft fuer Neue Musik Basel<\/a><\/h4>\n<p>1. Mai 2012 | Basel | Gare du Nord<br \/>\nAperghis | Donatoni | Gysin | Werdenberg | Poppe<\/p>\n<h4><a href=\"http:\/\/www.ensembleinterface.com\/de\/agenda\/june-in-buffalo\/\">June in Buffalo<\/a><\/h4>\n<p>6. Juni 2012 | Buffalo, NY | Slee Hall<br \/>\nFeldman | Andriessen | Lerdahl | Furrer<\/p>\n<h4><a href=\"http:\/\/www.ensembleinterface.com\/de\/agenda\/june-in-buffalo\/\">June in Buffalo<\/a><\/h4>\n<p>7. Juni 2012 | Buffalo, NY | Slee Hall<br \/>\nChandler | Huffman | Kang | Kelly | Schaul | Yildirim<\/p>\n<h4><a href=\"http:\/\/www.ensembleinterface.com\/de\/agenda\/imaginary-landscapes\/\">Kentucky Center Governor&#8217;s School for the Arts<\/a><\/h4>\n<p>23. Juni 2012 | Lexington | Transylvania University<br \/>\n\u00abImaginary Landscapes\u00bb | Masterclass and Concert<br \/>\nOehring | Schnebel | Cage<br \/>\n<\/div>\n<div class=\"one_half last\">\n<h4><a href=\"http:\/\/www.ensembleinterface.com\/de\/agenda\/darmstadt_2012\/\">46. Internationale Ferienkurse fuer Neue Musik Darmstadt<\/a><\/h4>\n<p>14. Juli 2012 | Darmstadt | Mathildenh\u00f6he<br \/>\n&nbsp;<\/p>\n<h4><a href=\"http:\/\/www.ensembleinterface.com\/de\/agenda\/darmstadt_2012\/\">46. Internationale Ferienkurse fuer Neue Musik Darmstadt<\/a><\/h4>\n<p>23. Juli 2012 | Darmstadt | Mornewegschule<br \/>\n&nbsp;<\/p>\n<h4><a href=\"http:\/\/www.ensembleinterface.com\/de\/agenda\/st-petersburg\/\">Festival World of Sound, St. Petersburg<\/a><\/h4>\n<p>6. Oktober 2012, 15:00\u00a0|\u00a0St. Petersburg<br \/>\nFestival\u00a0World of Sound | N.Rimsky-Korsakov Memorial Museum<br \/>\nSchnebel | Oehring | Poppe | Eimermacher<\/p>\n<h4><a href=\"http:\/\/www.ensembleinterface.com\/de\/agenda\/im_dialog\/\">Im Dialog: Deutschland | Griechenland<\/a><\/h4>\n<p>30. November 2012 | Rheinsberg | Schlosstheater Rheinsberg<br \/>\nEimermacher | Kokoras | Lapidakis | Papageorgiou<br \/>\n&nbsp;<\/p>\n<h4><a href=\"http:\/\/www.ensembleinterface.com\/de\/agenda\/im-dialog_g\/\">Im Dialog: Deutschland | Griechenland<\/a><\/h4>\n<p>4. Dezember 2012 | Thessaloniki | TSSO Hall<br \/>\nSchnebel | Kokoras | Lapidakis | Papageorgiou<br \/>\n&nbsp;<br \/>\n&nbsp;<br \/>\n&nbsp;<br \/>\n<\/div>\n<h3>2011<\/h3>\n<div class=\"one_half\">\n<h4>impuls . Festival for Contemporary Music Graz<\/h4>\n<p>13 February 2011<br \/>\nVincenot | Vezza | Ungureanu | Saunders | Furrer<\/p>\n<h4>PACT Zollverein Essen<\/h4>\n<p>25 February 2011<br \/>\nDieter Schnebel<\/p>\n<h4>Festival Cinque Giornate di Milano<\/h4>\n<p>22 March 2011<\/p>\n<h4>Unerhoerte Musik Berlin<\/h4>\n<p>7 June 2011<\/p>\n<h4>Rheinsberger Pfingstwerkstatt Neue Musik<\/h4>\n<p>12 June 2011<br \/>\nEun-Hwa Cho<br \/>\n<\/div>\n<div class=\"one_half last\">\n<h4>Frankfurter Gesellschaft fuer Neue Musik<\/h4>\n<p>6 July 2011<\/p>\n<h4>Stiftung Haus Oberschlesien, Ratingen-Hoesel<\/h4>\n<p>11 September 2011<\/p>\n<h4>Nuovi Spazi Musicali, American Academy in Rome<\/h4>\n<p>3 October 2011<\/p>\n<h4>Teatro Dal Verme, Milano<\/h4>\n<p>5 October 2011<\/p>\n<h4>Mehrklang Freiburg<\/h4>\n<p>29-30 October 2011<br \/>\nErik Satie<br \/>\n&nbsp;<br \/>\n&nbsp;<br \/>\n<\/div>\n<h3>2010<\/h3>\n<div class=\"one_half\">\n<h4>HfMDK Frankfurt Neue Musik Nacht<\/h4>\n<p>30 April 2010<br \/>\nBoulez | Hurel | Grisey<\/p>\n<h4>Spektrum Villa Musica Rheinland-Pfalz<\/h4>\n<p>7-9 May 2010<br \/>\nDonatoni | Cheung | Elisha | Schweitzer | Poppe<\/p>\n<h4>Rheinsberger Musiktage<\/h4>\n<p>22, 25 May 2010<br \/>\n<\/div>\n<div class=\"one_half last\">\n<h4>45. Internationale Ferienkurse fuer Neue Musik Darmstadt<\/h4>\n<p>28 July 2010<br \/>\nAperghis | Kim | Poppe<\/p>\n<h4>Frankfurt LAB<\/h4>\n<p>19 August 2010<br \/>\nJagoda Szmytka<br \/>\n<\/div>\n","protected":false},"excerpt":{"rendered":"<p>2016 2015 2014 2013 2012 2011 2010<\/p>\n","protected":false},"author":1,"featured_media":0,"parent":47,"menu_order":2,"comment_status":"open","ping_status":"open","template":"fullwidth.php","meta":{"footnotes":""},"class_list":["post-185","page","type-page","status-publish","hentry"],"_links":{"self":[{"href":"http:\/\/www.ensembleinterface.com\/de\/wp-json\/wp\/v2\/pages\/185","targetHints":{"allow":["GET"]}}],"collection":[{"href":"http:\/\/www.ensembleinterface.com\/de\/wp-json\/wp\/v2\/pages"}],"about":[{"href":"http:\/\/www.ensembleinterface.com\/de\/wp-json\/wp\/v2\/types\/page"}],"author":[{"embeddable":true,"href":"http:\/\/www.ensembleinterface.com\/de\/wp-json\/wp\/v2\/users\/1"}],"replies":[{"embeddable":true,"href":"http:\/\/www.ensembleinterface.com\/de\/wp-json\/wp\/v2\/comments?post=185"}],"version-history":[{"count":28,"href":"http:\/\/www.ensembleinterface.com\/de\/wp-json\/wp\/v2\/pages\/185\/revisions"}],"predecessor-version":[{"id":3949,"href":"http:\/\/www.ensembleinterface.com\/de\/wp-json\/wp\/v2\/pages\/185\/revisions\/3949"}],"up":[{"embeddable":true,"href":"http:\/\/www.ensembleinterface.com\/de\/wp-json\/wp\/v2\/pages\/47"}],"wp:attachment":[{"href":"http:\/\/www.ensembleinterface.com\/de\/wp-json\/wp\/v2\/media?parent=185"}],"curies":[{"name":"wp","href":"https:\/\/api.w.org\/{rel}","templated":true}]}}