{"id":176,"date":"2011-12-08T18:21:46","date_gmt":"2011-12-08T18:21:46","guid":{"rendered":"http:\/\/www.ensembleinterface.com\/wordpress\/?page_id=176"},"modified":"2017-01-29T16:31:42","modified_gmt":"2017-01-29T16:31:42","slug":"derrico","status":"publish","type":"page","link":"http:\/\/www.ensembleinterface.com\/de\/ueber_uns\/derrico\/","title":{"rendered":"Anna D&#8217;Errico, Klavier"},"content":{"rendered":"<p><span style=\"color: #c0c0c0;\"><img loading=\"lazy\" decoding=\"async\" class=\"alignright size-full wp-image-931\" src=\"http:\/\/www.ensembleinterface.com\/en\/files\/2012\/09\/Anna-DErrico.gif\" alt=\"\" width=\"150\" height=\"150\" \/><\/span>Anna D&#8217;Errico hat sich als K\u00fcnstlerin besonders der Musik unserer Zeit verschrieben und findet gro\u00dfen Gefallen an der Arbeit mit jungen und etablierten Komponisten aus aller Welt. Beim Ideentausch und der Erarbeitung und Erstauff\u00fchrung neuer Werke widmet sie sich dem Austausch zwischen verschiedenen Kunstformen und interdisziplin\u00e4ren Projekten.<\/p>\n<p>Sie konzertiert auf internationalen B\u00fchnen und Festivals wie dem Lucerne Festival, Carnegie Hall, Wien Modern, Philarmonie Essen, Mozarteum Salzburg, Konzerthaus Berlin, Musica Strasbourg, June in Buffalo, Theatre la Fenice Venedig, Heidelberger Fr\u00fchling, Mito Art Tower Japan, Ultraschall Berlin, Parco della Musica Rom, CDMC Madrid, ZKM Karlsruhe, IGNM Bern und Basel, Cantiere di Montepulciano, und tourte durch Europa und Nordamerika. Auch war sie Solistin bei prestigetr\u00e4chtigen italienischen Orchestern wie dem dem Orchestra Sinfonica Nazionale, dem Orchestra La Fenice di Venezia und dem Orchestra di Padova e del Veneto.<\/p>\n<p>Sie arbeitete mit bedeutenden Komponisten wie Helmut Lachenmann, Salvatore Sciarrino, Enno Poppe, Georges Aperghis, Brian Ferneyhough, Beat Furrer, Rebecca Saunders, Helmut Oehring, George Benjamin, u.a.m. und herausragenden Dirigenten wie Pierre Boulez, Peter E\u00f6tv\u00f6s, Matthias Pintscher, Ilan Volkov, Jean Deroyer und Igor Dronov. <\/p>\n<p>Als passionierte Kammermusikerin spielt sie im Klavierduo mit Alfonso Alberti, und arbeitet mit Musikerinnen wie Donatienne Michel-Dansac, Uli Fussenegger, Ian Pace, Dimitri Vassilakis, and Marco Fusi. Sie ist Gr\u00fcndungsmitglied des Ensemble Interface und trat mit dem Ensemble Modern, Ensemble Linea, Ensemble Algoritmo und Ensemble Icarus auf.<\/p>\n<p>Des Weiteren wirkte sie bei Aufnahmen mit, u.a. f\u00fcr die Labels Wergo, Stradivarius, Raccanto, Ars Publica und CMC Canada. Die Pianistin arbeitet regelm\u00e4\u00dfig als Dozentin in interdisziplin\u00e4ren Educationprojekten zwischen zeitgen\u00f6ssischer Musik und Kunst, und wurde daf\u00fcr ausgezeichnet mit dem \u201cLeone d\u2019argento\u201d-Preis der Biennale Venedig und dem Abbiati Preis f\u00fcr Bildung. Sie gab Meisterkurse f\u00fcr Komponisten und Interpreten in akademischen Institutionen auf der ganzen Welt.<\/p>\n<p>Anna D\u2019Errico besuchte Giorgio Lovatos Meisterkurse f\u00fcr Klavier in Venedig und vertiefte weiterhin ihre Studien mit dem gefeierten Pianisten Eugenio Bagnoli und anderen namhaften Lehrern wie Joaquin Achucarro, Rudolph Buchbinder, Nino Gardi, Giuliana Gulli, und anderen. Sie studierte mit Mitgliedern des Ensemble Intercontemporain bei der Luzern Festival Akademie und war im Jahrgang 2008\/09 Stipendiatin der Internationalen Ensemble Modern Akademie in Frankfurt. Sie ist Presitr\u00e4gerin des Kranichsteiner Stipendienpreis der Internationalen Ferienkurse Darmstadt (2010) und des Pianist\/Composer Commissioning Project des Ivar Mikhashoff Trust for New Music (2015).<\/p>\n<p><a href=\"http:\/\/www.annaderrico.com\" target=\"_blank\">www.annaderrico.com<\/a><br \/>\nderrico@ensembleinterface.com<\/p>\n","protected":false},"excerpt":{"rendered":"<p>Anna D&#8217;Errico hat sich als K\u00fcnstlerin besonders der Musik unserer Zeit verschrieben und findet gro\u00dfen Gefallen an der Arbeit mit jungen und etablierten Komponisten aus aller Welt. Beim Ideentausch und der Erarbeitung und Erstauff\u00fchrung neuer Werke widmet sie sich dem Austausch zwischen verschiedenen Kunstformen und interdisziplin\u00e4ren Projekten. Sie konzertiert auf internationalen B\u00fchnen und Festivals wie&#8230;<\/p>\n<div class=\"read_more\"><a href=\"http:\/\/www.ensembleinterface.com\/de\/ueber_uns\/derrico\/\">Read More<\/a><\/div>\n","protected":false},"author":1,"featured_media":0,"parent":43,"menu_order":1,"comment_status":"open","ping_status":"open","template":"fullwidthbio.php","meta":{"footnotes":""},"class_list":["post-176","page","type-page","status-publish","hentry"],"_links":{"self":[{"href":"http:\/\/www.ensembleinterface.com\/de\/wp-json\/wp\/v2\/pages\/176","targetHints":{"allow":["GET"]}}],"collection":[{"href":"http:\/\/www.ensembleinterface.com\/de\/wp-json\/wp\/v2\/pages"}],"about":[{"href":"http:\/\/www.ensembleinterface.com\/de\/wp-json\/wp\/v2\/types\/page"}],"author":[{"embeddable":true,"href":"http:\/\/www.ensembleinterface.com\/de\/wp-json\/wp\/v2\/users\/1"}],"replies":[{"embeddable":true,"href":"http:\/\/www.ensembleinterface.com\/de\/wp-json\/wp\/v2\/comments?post=176"}],"version-history":[{"count":12,"href":"http:\/\/www.ensembleinterface.com\/de\/wp-json\/wp\/v2\/pages\/176\/revisions"}],"predecessor-version":[{"id":3759,"href":"http:\/\/www.ensembleinterface.com\/de\/wp-json\/wp\/v2\/pages\/176\/revisions\/3759"}],"up":[{"embeddable":true,"href":"http:\/\/www.ensembleinterface.com\/de\/wp-json\/wp\/v2\/pages\/43"}],"wp:attachment":[{"href":"http:\/\/www.ensembleinterface.com\/de\/wp-json\/wp\/v2\/media?parent=176"}],"curies":[{"name":"wp","href":"https:\/\/api.w.org\/{rel}","templated":true}]}}