{"id":174,"date":"2011-12-08T18:19:45","date_gmt":"2011-12-08T18:19:45","guid":{"rendered":"http:\/\/www.ensembleinterface.com\/wordpress\/?page_id=174"},"modified":"2015-12-14T08:54:43","modified_gmt":"2015-12-14T08:54:43","slug":"berger","status":"publish","type":"page","link":"http:\/\/www.ensembleinterface.com\/de\/ueber_uns\/berger\/","title":{"rendered":"Bettina Berger, Fl\u00f6ten"},"content":{"rendered":"<p><span style=\"color: #c0c0c0;\"><img loading=\"lazy\" decoding=\"async\" class=\"alignright size-full wp-image-932\" alt=\"\" src=\"http:\/\/www.ensembleinterface.com\/en\/files\/2012\/09\/Bettina-Berger150.gif\" width=\"150\" height=\"150\" \/><\/span><br \/>\nBettina Berger, in Basel geboren, studierte Fl\u00f6te in Z\u00fcrich und Berlin mit Marianne Stucki, Annette von Stackelberg und Philippe Racine. Sie war Stipendiatin der Internationalen Ensemble Modern Akademie und verf\u00fcgt \u00fcber Masterabschl\u00fcsse in zeitgen\u00f6ssischer Musik (HfMDK Frankfurt) und in Musiktheater (HKB Bern). Als Interpretin konzipiert sie eigene Projekte oft mit szenischem und performativem Ansatz. Besonders interessiert sie der Austausch und die Auseinandersetzung mit K\u00fcnstlerInnen unterschiedlicher Denk- und Schaffensrichtungen, und ihre kreative Neugier f\u00fchrt sie immer wieder zu au\u00dfergew\u00f6hnlichen Zusammenarbeiten wie z.B. mit einem japanischen Kampfk\u00fcnstler.<\/p>\n<p>Bettina Berger ist Mitbegr\u00fcnderin des Frankfurter Ensemble Interface, ist Mitglied des Ensemble Proton Bern und tritt als Gastfl\u00f6tistin mit Ensemble Modern, Klangforum Wien und Ictus Ensemble Br\u00fcssel auf. Ihre Konzertt\u00e4tigkeit als Kammermusikerin und Solistin umfasst Auftritte bei Ultraschall Berlin, Lucerne Festival, ZKM Karlsruhe, Klangwerktage Hamburg, CDMS Madrid, Suntory Hall und Experimental Festival Tokyo, Tongyeong Festival Korea, Philharmonie Luxembourg, Gare du Nord Basel, Dampfzentrale Bern, Internationale Ferienkurse Darmstadt, u.a.m. Sie war Stipendiatin der Schweizerischen Studienstiftung, gewann zahlreiche Preise und Auszeichnungen, u.a. Kulturstiftung des Deutschen Bundes, Creator-in-Residence Tokyo Wonder Site, Kranichsteiner Stipendienpreis, Burgdorfer Innovationspreis und Reisestipendium Aargauer Kuratorium.<\/p>\n<p>Sie gibt Workshops an Hochschulen im In- und Ausland (HfMDK Frankfurt, Mozarteum Wien, HdK Bern, YSTCM Singapur, Sydney Conservatory of Music) und engagiert sich regelm\u00e4\u00dfig in interdisziplin\u00e4ren Schulprojekten.<\/p>\n<p>berger@ensembleinterface.com<\/p>\n","protected":false},"excerpt":{"rendered":"<p>Bettina Berger, in Basel geboren, studierte Fl\u00f6te in Z\u00fcrich und Berlin mit Marianne Stucki, Annette von Stackelberg und Philippe Racine. Sie war Stipendiatin der Internationalen Ensemble Modern Akademie und verf\u00fcgt \u00fcber Masterabschl\u00fcsse in zeitgen\u00f6ssischer Musik (HfMDK Frankfurt) und in Musiktheater (HKB Bern). Als Interpretin konzipiert sie eigene Projekte oft mit szenischem und performativem Ansatz. Besonders&#8230;<\/p>\n<div class=\"read_more\"><a href=\"http:\/\/www.ensembleinterface.com\/de\/ueber_uns\/berger\/\">Read More<\/a><\/div>\n","protected":false},"author":1,"featured_media":0,"parent":43,"menu_order":0,"comment_status":"open","ping_status":"open","template":"fullwidthbio.php","meta":{"footnotes":""},"class_list":["post-174","page","type-page","status-publish","hentry"],"_links":{"self":[{"href":"http:\/\/www.ensembleinterface.com\/de\/wp-json\/wp\/v2\/pages\/174","targetHints":{"allow":["GET"]}}],"collection":[{"href":"http:\/\/www.ensembleinterface.com\/de\/wp-json\/wp\/v2\/pages"}],"about":[{"href":"http:\/\/www.ensembleinterface.com\/de\/wp-json\/wp\/v2\/types\/page"}],"author":[{"embeddable":true,"href":"http:\/\/www.ensembleinterface.com\/de\/wp-json\/wp\/v2\/users\/1"}],"replies":[{"embeddable":true,"href":"http:\/\/www.ensembleinterface.com\/de\/wp-json\/wp\/v2\/comments?post=174"}],"version-history":[{"count":18,"href":"http:\/\/www.ensembleinterface.com\/de\/wp-json\/wp\/v2\/pages\/174\/revisions"}],"predecessor-version":[{"id":3683,"href":"http:\/\/www.ensembleinterface.com\/de\/wp-json\/wp\/v2\/pages\/174\/revisions\/3683"}],"up":[{"embeddable":true,"href":"http:\/\/www.ensembleinterface.com\/de\/wp-json\/wp\/v2\/pages\/43"}],"wp:attachment":[{"href":"http:\/\/www.ensembleinterface.com\/de\/wp-json\/wp\/v2\/media?parent=174"}],"curies":[{"name":"wp","href":"https:\/\/api.w.org\/{rel}","templated":true}]}}