{"id":1696,"date":"2013-04-09T15:51:14","date_gmt":"2013-04-09T15:51:14","guid":{"rendered":"http:\/\/www.ensembleinterface.com\/de\/?page_id=1696"},"modified":"2013-10-14T20:54:24","modified_gmt":"2013-10-14T20:54:24","slug":"zwischenzone_ost","status":"publish","type":"page","link":"http:\/\/www.ensembleinterface.com\/de\/agenda\/zwischenzone_ost\/","title":{"rendered":"Zwischenzone Ost &#8211; Wien"},"content":{"rendered":"<p><a href=\"http:\/\/www.jeunesse.at\/\" target=\"_blank\"><img loading=\"lazy\" decoding=\"async\" class=\"size-full wp-image-2140 alignright\" style=\"border-style: initial; border-color: initial; cursor: default; border-width: 0px;\" alt=\"8004f4fb\" src=\"http:\/\/www.ensembleinterface.com\/en\/files\/8004f4fb.jpg\" width=\"198\" height=\"106\" \/><\/a>17. Oktober 2013<br \/>\n<span style=\"color: #c0c0c0;\">Jeunesse Wien | Porgy &amp; Bess<\/span><\/p>\n<div class=\"two_third\">\n<p>Europas \u00f6stliche Grenze ist historisch und kulturell von st\u00e4ndiger Bewegung gepr\u00e4gt. Seit Jahrhunderten sind St\u00e4dte wie Berlin, Wien, Warschau und Triest Schnittstellen ost- und westeurop\u00e4ischer Kultur: Hier wird Austausch gelebt und Konflikte treten auf.<\/p>\n<p>Die in der heutigen EU als \u2018Osteuropa\u2019 definierte Region umfasst L\u00e4nder, deren europ\u00e4ische Zugeh\u00f6rigkeit vor historischem und zeitgen\u00f6ssischem Hintergrund nicht eindeutig ist: Staaten wie Russland, die T\u00fcrkei und Griechenland befinden sich in einer gleichzeitig &#8218;inneren und \u00e4u\u00dferen Position&#8216;. Dadurch entstehen neue Grenzen, an denen Konformit\u00e4t und Andersartigkeit zu Auseinandersetzungen provozieren. Deutschland spielt dabei eine zentrale und identit\u00e4tsbildende Rolle in der EU &#8211; und sieht sich selbst noch immer mit seiner eigenen Ost-West-Vergangenheit aufgrund der jahrzehntelangen inneren Teilung des Landes konfrontiert.<\/p>\n<p>Das Konzert reflektiert die kulturelle Komplexit\u00e4t dieser Zwischenzone Ost und vereint Werke von <strong>Panayiotis Kokoras<\/strong> (Griechenland), <strong>Onur Y\u0131ld\u0131r\u0131m<\/strong> (T\u00fcrkei), der beiden in Deutschland lebenden Komponisten <strong>Jagoda Szmytka<\/strong> (Polen) und <strong>Sergej Newski<\/strong> (Russland), und des in Ostberlin geboren und aufgewachsenen Komponisten <strong>Helmut Oehring<\/strong>.<\/p>\n<p><span style=\"color: #c0c0c0;\"><strong>Programm<\/strong><\/span><br \/>\n<span style=\"color: #c0c0c0;\">Panayiotis Kokoras<\/span>: <em>Delirium<\/em>\u00a0f\u00fcr Fl\u00f6te, Cello und Klavier\u00a0(2008)<br \/>\n<span style=\"color: #c0c0c0;\">Helmut Oehring<\/span>: <em>Leuchter (aus: kurz im M\u00fcll gestochert)<\/em>\u00a0f\u00fcr Fl\u00f6te, Cello und pr\u00e4pariertes Klavier\u00a0(1994)<br \/>\n<span style=\"color: #c0c0c0;\">Sergej Newski<\/span>: <em>Wut<\/em>\u00a0f\u00fcr Fl\u00f6te, Cello, Klavier, Schlagzeug (2013) &#8211;\u00a0Urauff\u00fchrung<br \/>\n<span style=\"color: #c0c0c0;\">Georgy Dorokhov<\/span>: <em>Manifest<\/em>\u00a0for 3 polyfoams and the bows (2009)<br \/>\n<span style=\"color: #c0c0c0;\">Onur Y\u0131ld\u0131r\u0131m<\/span>: <i>upa.naxturu\u0161u<\/i>\u00a0f\u00fcr Fl\u00f6te, Cello, Klavier, Percussion (2013) &#8211;\u00a0Urauff\u00fchrung<\/p>\n<p><span style=\"color: #c0c0c0;\"><a href=\"http:\/\/www.porgy.at\" target=\"_blank\">Jeunesse Wien | Porgy &amp; Bess<\/a><br \/>\nRiemergasse 11<br \/>\n1010 Wien<\/span><\/p>\n<p><a href=\"http:\/\/www.ensembleinterface.com\/en\/files\/ZO_Artikel.pdf\" target=\"_blank\">Aus der Sicht der Komponisten&#8230; (pdf)<\/a><\/p>\n<p style=\"text-align: left;\"><span style=\"color: #c0c0c0;\">Ensemble Interface<\/span><\/p>\n<\/div>\n<div class=\"one_third last\">\n<p>&nbsp;<\/p>\n<p>&nbsp;<\/p>\n<\/div>\n","protected":false},"excerpt":{"rendered":"<p>17. Oktober 2013 Jeunesse Wien | Porgy &amp; Bess<\/p>\n","protected":false},"author":1,"featured_media":0,"parent":47,"menu_order":0,"comment_status":"open","ping_status":"open","template":"fullwidth_agenda_child.php","meta":{"footnotes":""},"class_list":["post-1696","page","type-page","status-publish","hentry"],"_links":{"self":[{"href":"http:\/\/www.ensembleinterface.com\/de\/wp-json\/wp\/v2\/pages\/1696","targetHints":{"allow":["GET"]}}],"collection":[{"href":"http:\/\/www.ensembleinterface.com\/de\/wp-json\/wp\/v2\/pages"}],"about":[{"href":"http:\/\/www.ensembleinterface.com\/de\/wp-json\/wp\/v2\/types\/page"}],"author":[{"embeddable":true,"href":"http:\/\/www.ensembleinterface.com\/de\/wp-json\/wp\/v2\/users\/1"}],"replies":[{"embeddable":true,"href":"http:\/\/www.ensembleinterface.com\/de\/wp-json\/wp\/v2\/comments?post=1696"}],"version-history":[{"count":26,"href":"http:\/\/www.ensembleinterface.com\/de\/wp-json\/wp\/v2\/pages\/1696\/revisions"}],"predecessor-version":[{"id":2774,"href":"http:\/\/www.ensembleinterface.com\/de\/wp-json\/wp\/v2\/pages\/1696\/revisions\/2774"}],"up":[{"embeddable":true,"href":"http:\/\/www.ensembleinterface.com\/de\/wp-json\/wp\/v2\/pages\/47"}],"wp:attachment":[{"href":"http:\/\/www.ensembleinterface.com\/de\/wp-json\/wp\/v2\/media?parent=1696"}],"curies":[{"name":"wp","href":"https:\/\/api.w.org\/{rel}","templated":true}]}}