{"id":1663,"date":"2013-03-12T13:59:49","date_gmt":"2013-03-12T13:59:49","guid":{"rendered":"http:\/\/www.ensembleinterface.com\/de\/?page_id=1663"},"modified":"2013-10-01T07:13:10","modified_gmt":"2013-10-01T07:13:10","slug":"brisbane","status":"publish","type":"page","link":"http:\/\/www.ensembleinterface.com\/de\/agenda\/brisbane\/","title":{"rendered":"JUMP MENTORSHIP"},"content":{"rendered":"<div class=\"two_third\">\n12.-27. September 2013 | Arbeitsphase in Brisbane<br \/>\n27. September 2013 | Konzert &#8211; <span style=\"color: #ffffff;\">Ausverkauft<\/span><br \/>\n28. September 2013 | Konzert<\/p>\n<p><span style=\"color: #c0c0c0;\">Ein Projekt von\u00a0Ensemble Interface und Kupka&#8217;s Piano<\/span><br \/>\n<span style=\"color: #c0c0c0;\"> Brisbane I Judith Wright Centre of Contemporary Arts<\/span><\/p>\n<p>Das Ensemble Interface ist <a href=\"http:\/\/jump.australiacouncil.gov.au\/mentors\/\" target=\"_blank\">JUMP Mentor<\/a> f\u00fcr das australische Ensemble <a href=\"http:\/\/kupkaspiano.wordpress.com\/\" target=\"_blank\">Kupka&#8217;s Piano<\/a>.<\/p>\n<p>Die beiden Ensembles kommen f\u00fcr eine zweiw\u00f6chigen Arbeitsphase in Brisbane zusammen. Auf dem Programm stehen Kammermusik- und Ensembleproben, Workshops f\u00fcr Komponisten, Diskussionen \u00fcber Aufbau und Entwicklung eines Ensembles, sowie ein gemeinsames Abschlusskonzert mit Werken italienischer Komponisten und neuen Werken junger australischer Komponisten.<br \/>\nDas JUMP Mentoren Projekt wird unterst\u00fctzt von <a href=\" http:\/\/nextwave.org.au\/\" target=\"_blank\">Next Wave<\/a> und <a href=\"http:\/\/jump.australiacouncil.gov.au\/\" target=\"_blank\">Australia Council for the Arts<\/a>.<\/p>\n<p><span style=\"color: #c0c0c0;\"><strong>Programm<\/strong><\/span><br \/>\nFranco Donatoni: <em>&#8222;Arp\u00e8ge&#8220;<\/em> (1986) f\u00fcr Sextett<br \/>\nMauro Lanza: <em>&#8222;The skin of the onion&#8220;<\/em> (2002) f\u00fcr 6 Instrumentalisten<br \/>\nBruno Maderna: <em>&#8222;Honeyr\u00eaves&#8220;<\/em> (1961) f\u00fcr Fl\u00f6te und Klavier<br \/>\nMichael Mathieson-Sandars: Neues Werk f\u00fcr Ensemble (2013) &#8211; Urauff\u00fchrung<br \/>\nClara Iannotta: <em>&#8222;Il colore dell&#8217;ombra&#8220;<\/em> (2010) f\u00fcr Klaviertrio<br \/>\nLuke Paulding: Neues Werk f\u00fcr Ensemble (2013) &#8211; Urauff\u00fchrung<\/p>\n<p><a href=\" http:\/\/judithwrightcentre.com\/event\/kupkas_piano\" target=\"_blank\">Karten hier erh\u00e4ltlich<\/a><\/div>\n<div class=\"one_third last\">\n<img loading=\"lazy\" decoding=\"async\" class=\"alignnone size-full wp-image-2263\" alt=\"judith-wright-center\" src=\"http:\/\/www.ensembleinterface.com\/en\/files\/judith-wright-center.png\" width=\"220\" height=\"119\" \/><br \/>\n&nbsp;<br \/>\n<img loading=\"lazy\" decoding=\"async\" class=\"alignnone size-full wp-image-2264\" alt=\"JUMP-news-image\" src=\"http:\/\/www.ensembleinterface.com\/en\/files\/JUMP-news-image.png\" width=\"220\" height=\"141\" \/><br \/>\n<\/div>\n","protected":false},"excerpt":{"rendered":"","protected":false},"author":1,"featured_media":0,"parent":47,"menu_order":0,"comment_status":"open","ping_status":"open","template":"fullwidth_agenda_child.php","meta":{"footnotes":""},"class_list":["post-1663","page","type-page","status-publish","hentry"],"_links":{"self":[{"href":"http:\/\/www.ensembleinterface.com\/de\/wp-json\/wp\/v2\/pages\/1663","targetHints":{"allow":["GET"]}}],"collection":[{"href":"http:\/\/www.ensembleinterface.com\/de\/wp-json\/wp\/v2\/pages"}],"about":[{"href":"http:\/\/www.ensembleinterface.com\/de\/wp-json\/wp\/v2\/types\/page"}],"author":[{"embeddable":true,"href":"http:\/\/www.ensembleinterface.com\/de\/wp-json\/wp\/v2\/users\/1"}],"replies":[{"embeddable":true,"href":"http:\/\/www.ensembleinterface.com\/de\/wp-json\/wp\/v2\/comments?post=1663"}],"version-history":[{"count":18,"href":"http:\/\/www.ensembleinterface.com\/de\/wp-json\/wp\/v2\/pages\/1663\/revisions"}],"predecessor-version":[{"id":1851,"href":"http:\/\/www.ensembleinterface.com\/de\/wp-json\/wp\/v2\/pages\/1663\/revisions\/1851"}],"up":[{"embeddable":true,"href":"http:\/\/www.ensembleinterface.com\/de\/wp-json\/wp\/v2\/pages\/47"}],"wp:attachment":[{"href":"http:\/\/www.ensembleinterface.com\/de\/wp-json\/wp\/v2\/media?parent=1663"}],"curies":[{"name":"wp","href":"https:\/\/api.w.org\/{rel}","templated":true}]}}