{"id":1638,"date":"2013-03-06T10:42:12","date_gmt":"2013-03-06T10:42:12","guid":{"rendered":"http:\/\/www.ensembleinterface.com\/de\/?page_id=1638"},"modified":"2013-04-17T10:37:38","modified_gmt":"2013-04-17T10:37:38","slug":"adria","status":"publish","type":"page","link":"http:\/\/www.ensembleinterface.com\/de\/agenda\/adria\/","title":{"rendered":"KOMPOSITION WORKSHOP WITH PIERLUIGI BILLONE &#038; ENSEMBLE INTERFACE"},"content":{"rendered":"<p>17. Mai 2013<br \/>\n<span style=\"color: #c0c0c0;\">Komposition Workshop<\/span> | 15:00 &#8211; 18:00<br \/>\n<span style=\"color: #c0c0c0;\">Konzert<\/span> | 21:00<\/p>\n<p><span style=\"color: #c0c0c0;\">Festival \u201cSerenade \u2013 Omaggio a Bruno Maderna\u201d\u00a0I\u00a0Conservatorio di Musica &#8222;A. Buzzolla&#8220;,\u00a0Adria (Italy)<\/span><\/p>\n<p>Das &#8222;Conservatorio di Musica A. Buzzolla\u201d (Adria\/Italien) bietet einen Kompositions-Workshop mit Pierluigi Billone und dem Ensemble Interface an, bei dem ausgew\u00e4hlte Werke internationaler Komponisten pr\u00e4sentiert und aufgef\u00fchrt werden.<\/p>\n<p><span style=\"color: #c0c0c0;\">Bruno Maderna<\/span>: Honeyr\u00eaves (1961) for flute and piano<br \/>\n<span style=\"color: #c0c0c0;\">Lorenzo Restagno<\/span>: cold, empty glade (2013) for flute, piano and cello<br \/>\n<span style=\"color: #c0c0c0;\">Emanuele Palumbo<\/span>: Due studi brulicanti (2013) for cello<br \/>\n<span style=\"color: #c0c0c0;\">Elo Masing<\/span>: studies in resonance II (2012\/13) for piano<br \/>\n<span style=\"color: #c0c0c0;\">Pedro Alvarez<\/span>: De mares imaginados (2010) for flute<br \/>\n<span style=\"color: #c0c0c0;\">Panayiotis Kokoras<\/span>: Delirium (2008) for flute, cello and piano<\/p>\n<p><span style=\"color: #c0c0c0;\">Ensemble Interface<\/span><br \/>\nBettina Danielle Berger, Fl\u00f6ten<br \/>\nAnna D\u2019Errico, Klavier<br \/>\nChristophe Mathias, Cello<\/p>\n<p>&nbsp;<\/p>\n<p><img loading=\"lazy\" decoding=\"async\" class=\"alignnone size-full wp-image-1621\" alt=\"BUZZOLA\" src=\"http:\/\/www.ensembleinterface.com\/de\/files\/BUZZOLA.jpg\" width=\"200\" height=\"131\" \/><\/p>\n","protected":false},"excerpt":{"rendered":"<p>17. Mai 2013 Komposition Workshop | 15:00 &#8211; 18:00 Konzert | 21:00 Festival \u201cSerenade \u2013 Omaggio a Bruno Maderna\u201d\u00a0I\u00a0Conservatorio di Musica &#8222;A. Buzzolla&#8220;,\u00a0Adria (Italy) Das &#8222;Conservatorio di Musica A. Buzzolla\u201d (Adria\/Italien) bietet einen Kompositions-Workshop mit Pierluigi Billone und dem Ensemble Interface an, bei dem ausgew\u00e4hlte Werke internationaler Komponisten pr\u00e4sentiert und aufgef\u00fchrt werden. Bruno Maderna: Honeyr\u00eaves&#8230;<\/p>\n<div class=\"read_more\"><a href=\"http:\/\/www.ensembleinterface.com\/de\/agenda\/adria\/\">Read More<\/a><\/div>\n","protected":false},"author":1,"featured_media":0,"parent":47,"menu_order":0,"comment_status":"open","ping_status":"open","template":"fullwidth.php","meta":{"footnotes":""},"class_list":["post-1638","page","type-page","status-publish","hentry"],"_links":{"self":[{"href":"http:\/\/www.ensembleinterface.com\/de\/wp-json\/wp\/v2\/pages\/1638","targetHints":{"allow":["GET"]}}],"collection":[{"href":"http:\/\/www.ensembleinterface.com\/de\/wp-json\/wp\/v2\/pages"}],"about":[{"href":"http:\/\/www.ensembleinterface.com\/de\/wp-json\/wp\/v2\/types\/page"}],"author":[{"embeddable":true,"href":"http:\/\/www.ensembleinterface.com\/de\/wp-json\/wp\/v2\/users\/1"}],"replies":[{"embeddable":true,"href":"http:\/\/www.ensembleinterface.com\/de\/wp-json\/wp\/v2\/comments?post=1638"}],"version-history":[{"count":8,"href":"http:\/\/www.ensembleinterface.com\/de\/wp-json\/wp\/v2\/pages\/1638\/revisions"}],"predecessor-version":[{"id":1640,"href":"http:\/\/www.ensembleinterface.com\/de\/wp-json\/wp\/v2\/pages\/1638\/revisions\/1640"}],"up":[{"embeddable":true,"href":"http:\/\/www.ensembleinterface.com\/de\/wp-json\/wp\/v2\/pages\/47"}],"wp:attachment":[{"href":"http:\/\/www.ensembleinterface.com\/de\/wp-json\/wp\/v2\/media?parent=1638"}],"curies":[{"name":"wp","href":"https:\/\/api.w.org\/{rel}","templated":true}]}}