{"id":1508,"date":"2013-01-02T20:41:01","date_gmt":"2013-01-02T20:41:01","guid":{"rendered":"http:\/\/www.ensembleinterface.com\/de\/?page_id=1508"},"modified":"2013-01-16T22:19:41","modified_gmt":"2013-01-16T22:19:41","slug":"baden-baden","status":"publish","type":"page","link":"http:\/\/www.ensembleinterface.com\/de\/agenda\/baden-baden\/","title":{"rendered":"Baden-Baden"},"content":{"rendered":"<p>21. Januar 2013 | 19:00<\/p>\n<p><span style=\"color: #c0c0c0;\">Baden-Baden | \u00a0Rathaus: Alter Ratssaal<\/span><\/p>\n<p><span style=\"color: #c0c0c0;\"><strong>\u00ab<\/strong>Diskurs Deutschland\/Frankreich<strong>\u00bb\u00a0<\/strong><\/span><br \/>\nJulien Vincenot: &#8222;<em>MOrphism 0.9.2a&#8220; f\u00fcr kleines Ensemble (2010)\u00a0<\/em><br \/>\nStefan Keller: &#8222;Kraft in Erscheinung<em>&#8220; f\u00fcr Ensemble (2012)<\/em><br \/>\nPierre Boulez: &#8222;<em>D\u00e9rive 1&#8243; f\u00fcr Ensemble (1984)<\/em><br \/>\nGeno\u00ebl von Lilienstern: &#8222;<em>Top&#8220; f\u00fcr kleines Ensemble (2012)<\/em><br \/>\nJohannes Boris Borowski: &#8222;<em>Chergui&#8220; f\u00fcr sieben Instrumente (2012)\u00a0<\/em>Kompositionsauftrag der Kulturverwaltung des Landes Berlin<\/p>\n<p><span style=\"color: #c0c0c0;\">ensemble interface<\/span><\/p>\n<p>Eintritt frei<\/p>\n<p><img loading=\"lazy\" decoding=\"async\" class=\"alignnone  wp-image-1830\" alt=\"sparkasse\" src=\"http:\/\/www.ensembleinterface.com\/en\/files\/sparkasse-300x102.jpg\" width=\"144\" height=\"49\" \/><\/p>\n","protected":false},"excerpt":{"rendered":"<p>21. Januar 2013 | 19:00 Baden-Baden | \u00a0Rathaus: Alter Ratssaal \u00abDiskurs Deutschland\/Frankreich\u00bb\u00a0 Julien Vincenot: &#8222;MOrphism 0.9.2a&#8220; f\u00fcr kleines Ensemble (2010)\u00a0 Stefan Keller: &#8222;Kraft in Erscheinung&#8220; f\u00fcr Ensemble (2012) Pierre Boulez: &#8222;D\u00e9rive 1&#8243; f\u00fcr Ensemble (1984) Geno\u00ebl von Lilienstern: &#8222;Top&#8220; f\u00fcr kleines Ensemble (2012) Johannes Boris Borowski: &#8222;Chergui&#8220; f\u00fcr sieben Instrumente (2012)\u00a0Kompositionsauftrag der Kulturverwaltung des Landes&#8230;<\/p>\n<div class=\"read_more\"><a href=\"http:\/\/www.ensembleinterface.com\/de\/agenda\/baden-baden\/\">Read More<\/a><\/div>\n","protected":false},"author":1,"featured_media":0,"parent":47,"menu_order":0,"comment_status":"open","ping_status":"open","template":"fullwidth.php","meta":{"footnotes":""},"class_list":["post-1508","page","type-page","status-publish","hentry"],"_links":{"self":[{"href":"http:\/\/www.ensembleinterface.com\/de\/wp-json\/wp\/v2\/pages\/1508","targetHints":{"allow":["GET"]}}],"collection":[{"href":"http:\/\/www.ensembleinterface.com\/de\/wp-json\/wp\/v2\/pages"}],"about":[{"href":"http:\/\/www.ensembleinterface.com\/de\/wp-json\/wp\/v2\/types\/page"}],"author":[{"embeddable":true,"href":"http:\/\/www.ensembleinterface.com\/de\/wp-json\/wp\/v2\/users\/1"}],"replies":[{"embeddable":true,"href":"http:\/\/www.ensembleinterface.com\/de\/wp-json\/wp\/v2\/comments?post=1508"}],"version-history":[{"count":12,"href":"http:\/\/www.ensembleinterface.com\/de\/wp-json\/wp\/v2\/pages\/1508\/revisions"}],"predecessor-version":[{"id":1542,"href":"http:\/\/www.ensembleinterface.com\/de\/wp-json\/wp\/v2\/pages\/1508\/revisions\/1542"}],"up":[{"embeddable":true,"href":"http:\/\/www.ensembleinterface.com\/de\/wp-json\/wp\/v2\/pages\/47"}],"wp:attachment":[{"href":"http:\/\/www.ensembleinterface.com\/de\/wp-json\/wp\/v2\/media?parent=1508"}],"curies":[{"name":"wp","href":"https:\/\/api.w.org\/{rel}","templated":true}]}}